{"id":6,"date":"2025-10-10T09:12:47","date_gmt":"2025-10-10T09:12:47","guid":{"rendered":"https:\/\/sites.pauwes.dz\/pauconference\/?page_id=6"},"modified":"2025-10-13T09:10:42","modified_gmt":"2025-10-13T09:10:42","slug":"call-for-papers","status":"publish","type":"page","link":"https:\/\/sites.pauwes.dz\/pauconference\/call-for-papers\/","title":{"rendered":"Thematic Areas"},"content":{"rendered":"\n<p><strong>1. Water, Sanitation, and Climate Resilience<\/strong><\/p>\n\n\n\n<ul class=\"wp-block-list\">\n<li>Sustainable management of water resources<\/li>\n\n\n\n<li>Water\u2013Energy\u2013Food\u2013Ecosystems (WEFE) Nexus<\/li>\n\n\n\n<li>Environmental adaptation and mitigation strategies<\/li>\n<\/ul>\n\n\n\n<p><strong>2.<\/strong> <strong>Health and Biotechnology<\/strong><\/p>\n\n\n\n<ul class=\"wp-block-list\">\n<li>Innovations pour le d\u00e9veloppement durable<\/li>\n\n\n\n<li>Syst\u00e8mes de sant\u00e9 et pr\u00e9paration aux pand\u00e9mies<\/li>\n<\/ul>\n\n\n\n<p><strong>3. Blue Economy, Agriculture, and Food Security<\/strong><\/p>\n\n\n\n<ul class=\"wp-block-list\">\n<li>Sustainable aquaculture and coastal management<\/li>\n\n\n\n<li>Innovative agri-food technologies<\/li>\n\n\n\n<li>Trade and food security policies<\/li>\n<\/ul>\n\n\n\n<p><strong>4. Renewable Energy, Infrastructure, and Digital Transformation<\/strong><\/p>\n\n\n\n<ul class=\"wp-block-list\">\n<li>Energy efficiency and green hydrogen<\/li>\n\n\n\n<li>Artificial intelligence and digital inclusion<\/li>\n\n\n\n<li>Smart cities and entrepreneurial skills<\/li>\n<\/ul>\n\n\n\n<p><strong>5. Governance, Science Diplomacy, and International Cooperation<\/strong><\/p>\n\n\n\n<ul class=\"wp-block-list\">\n<li>Peace, migration, and inclusive governance<\/li>\n\n\n\n<li>Empowerment of women and youth<\/li>\n<\/ul>\n\n\n\n<p><\/p>\n","protected":false},"excerpt":{"rendered":"<p>1. Water, Sanitation, and Climate Resilience 2. Health and Biotechnology 3. Blue Economy, Agriculture, and Food Security 4. Renewable Energy, Infrastructure, and Digital Transformation 5. Governance, Science Diplomacy, and International Cooperation<\/p>\n","protected":false},"author":1,"featured_media":0,"parent":0,"menu_order":0,"comment_status":"closed","ping_status":"closed","template":"","meta":{"advanced_seo_description":"","jetpack_seo_html_title":"","jetpack_seo_noindex":false,"footnotes":""},"class_list":["post-6","page","type-page","status-publish","hentry"],"jetpack_sharing_enabled":true,"_links":{"self":[{"href":"https:\/\/sites.pauwes.dz\/pauconference\/wp-json\/wp\/v2\/pages\/6","targetHints":{"allow":["GET"]}}],"collection":[{"href":"https:\/\/sites.pauwes.dz\/pauconference\/wp-json\/wp\/v2\/pages"}],"about":[{"href":"https:\/\/sites.pauwes.dz\/pauconference\/wp-json\/wp\/v2\/types\/page"}],"author":[{"embeddable":true,"href":"https:\/\/sites.pauwes.dz\/pauconference\/wp-json\/wp\/v2\/users\/1"}],"replies":[{"embeddable":true,"href":"https:\/\/sites.pauwes.dz\/pauconference\/wp-json\/wp\/v2\/comments?post=6"}],"version-history":[{"count":4,"href":"https:\/\/sites.pauwes.dz\/pauconference\/wp-json\/wp\/v2\/pages\/6\/revisions"}],"predecessor-version":[{"id":83,"href":"https:\/\/sites.pauwes.dz\/pauconference\/wp-json\/wp\/v2\/pages\/6\/revisions\/83"}],"wp:attachment":[{"href":"https:\/\/sites.pauwes.dz\/pauconference\/wp-json\/wp\/v2\/media?parent=6"}],"curies":[{"name":"wp","href":"https:\/\/api.w.org\/{rel}","templated":true}]}}